{"id":21,"date":"2023-11-27T10:13:31","date_gmt":"2023-11-27T10:13:31","guid":{"rendered":"https:\/\/menschenrechtskonferenz.at\/?page_id=21"},"modified":"2026-04-21T11:46:13","modified_gmt":"2026-04-21T11:46:13","slug":"datenschutzerklaerung","status":"publish","type":"page","link":"https:\/\/menschenrechtskonferenz.at\/en\/datenschutzerklaerung\/","title":{"rendered":"Datenschutzerkl\u00e4rung"},"content":{"rendered":"<div data-elementor-type=\"wp-page\" data-elementor-id=\"21\" class=\"elementor elementor-21\" data-elementor-post-type=\"page\">\n\t\t\t\t<div class=\"elementor-element elementor-element-1b084c9 e-flex e-con-boxed e-con e-parent\" data-id=\"1b084c9\" data-element_type=\"container\" data-e-type=\"container\">\n\t\t\t\t\t<div class=\"e-con-inner\">\n\t\t\t\t<div class=\"elementor-element elementor-element-e7cfb26 elementor-widget elementor-widget-heading\" data-id=\"e7cfb26\" data-element_type=\"widget\" data-e-type=\"widget\" data-widget_type=\"heading.default\">\n\t\t\t\t<div class=\"elementor-widget-container\">\n\t\t\t\t\t<h2 class=\"elementor-heading-title elementor-size-default\">Datenschutzerkl\u00e4rung<\/h2>\t\t\t\t<\/div>\n\t\t\t\t<\/div>\n\t\t\t\t<div class=\"elementor-element elementor-element-7be53d6 elementor-widget elementor-widget-text-editor\" data-id=\"7be53d6\" data-element_type=\"widget\" data-e-type=\"widget\" data-widget_type=\"text-editor.default\">\n\t\t\t\t<div class=\"elementor-widget-container\">\n\t\t\t\t\t\t\t\t\t<p>In folgender Datenschutzerkl\u00e4rung informieren wir Sie \u00fcber die wichtigsten Aspekte der Datenverarbeitung im Rahmen unserer Webseite. Wir erheben und verarbeiten personenbezogene Daten nur auf Grundlage der gesetzlichen Bestimmungen (Datenschutzgrundverordnung, Telekommunikationsgesetz 2003).<\/p>\n<p><!-- \/wp:paragraph --><!-- wp:paragraph --><\/p>\n<p>Sobald Sie als Benutzer auf unsere Webseite zugreifen oder diese besuchen wird Ihre IP-Adresse, Beginn sowie Beginn und Ende der Sitzung erfasst. Dies ist technisch bedingt und stellt somit ein berechtigtes Interesse iSv Art 6 Abs 1 lit f DSGVO.<\/p>\n<p><!-- \/wp:paragraph --><!-- wp:heading {\"level\":5} --><\/p>\n<h5>Kontakt mit uns<\/h5>\n<p><!-- \/wp:heading --><!-- wp:paragraph --><\/p>\n<p>Wenn Sie uns, entweder \u00fcber unser Kontaktformular auf unserer Webseite, oder per Email kontaktieren, dann werden die von Ihnen an uns \u00fcbermittelten Daten zwecks Bearbeitung Ihrer Anfrage oder f\u00fcr den Fall von weiteren Anschlussfragen f\u00fcr sechs Monate bei uns gespeichert. Es erfolgt, ohne Ihre Einwilligung, keine Weitergabe Ihrer \u00fcbermittelten Daten.\u00a0<\/p>\n<p><!-- \/wp:paragraph --><!-- wp:heading {\"level\":5} --><\/p>\n<h5 style=\"caret-color: #000000; margin-bottom: 1.5rem; font-size: 18px;\">Verarbeitung personenbezogener Daten im Rahmen der Menschenrechtskonferenz<\/h5>\n<p><!-- \/wp:heading --><!-- wp:paragraph --><\/p>\n<section style=\"caret-color: #000000; color: #000000; margin-bottom: 2rem;\">\n<h3 style=\"margin-bottom: 0.5rem; font-size: 15px;\">Welche Daten wir erheben<\/h3>\n<p>Im Rahmen der Anmeldung zur Menschenrechtskonferenz erheben wir die von Ihnen im Anmeldeformular oder per E-Mail \u00fcbermittelten personenbezogenen Daten. Dazu geh\u00f6ren in der Regel Name, E-Mail-Adresse sowie weitere Angaben, die f\u00fcr die Organisation und Durchf\u00fchrung der Konferenz notwendig sind (z. B. Workshopwahl, Organisation\/Institution).<\/p>\n<\/section>\n<section style=\"caret-color: #000000; color: #000000; margin-bottom: 2rem;\">\n<h3 style=\"margin-bottom: 0.5rem; font-size: 15px;\">Zweck der Verarbeitung<\/h3>\n<p style=\"margin-bottom: 0.75rem;\">Ihre Daten werden ausschlie\u00dflich f\u00fcr folgende Zwecke verarbeitet:<\/p>\n<ul style=\"padding-left: 1.25rem;\">\n<li style=\"margin-bottom: 0.4rem;\">Verwaltung Ihrer Anmeldung und Kommunikation rund um die Konferenz<\/li>\n<li style=\"margin-bottom: 0.4rem;\">Organisation und Zuteilung zu Workshops<\/li>\n<\/ul>\n<\/section>\n<section style=\"caret-color: #000000; color: #000000; margin-bottom: 2rem;\">\n<h3 style=\"margin-bottom: 0.5rem; font-size: 15px;\">Rechtsgrundlage<\/h3>\n<p>Die Verarbeitung Ihrer personenbezogenen Daten erfolgt auf Grundlage von Art. 6 Abs. 1 lit. a DSGVO (Einwilligung) sowie Art. 6 Abs. 1 lit. b DSGVO (Vertragserf\u00fcllung bzw. vorvertragliche Ma\u00dfnahmen im Rahmen Ihrer Anmeldung). Das Aush\u00e4ngen der Teilnahmelisten erfolgt auf Grundlage Ihrer Einwilligung, die Sie mit der Anmeldung erteilen.<\/p>\n<\/section>\n<section style=\"caret-color: #000000; color: #000000; margin-bottom: 2rem;\">\n<h3 style=\"margin-bottom: 0.5rem; font-size: 15px;\">Speicherung und Weitergabe<\/h3>\n<p>Ihre Daten werden auf unseren eigenen Systemen sowie auf Google Drive gespeichert. Google Drive wird von Google Ireland Limited (Gordon House, Barrow Street, Dublin 4, Irland) betrieben. Zwischen uns und Google besteht ein Auftragsverarbeitungsvertrag gem\u00e4\u00df Art. 28 DSGVO. Eine dar\u00fcber hinausgehende Weitergabe Ihrer Daten an Dritte findet nicht statt.<\/p>\n<\/section>\n<section style=\"caret-color: #000000; color: #000000; margin-bottom: 2rem;\">\n<h3 style=\"margin-bottom: 0.5rem; font-size: 15px;\">Hinweis zur Teilnahmeliste<\/h3>\n<p>Im Rahmen der Konferenz wird eine Teilnahmeliste ausgeh\u00e4ngt, auf der Ihr Name und Ihre Workshopzuteilung f\u00fcr alle Teilnehmenden einsehbar sind.\u00a0<\/p>\n<\/section>\n<section style=\"caret-color: #000000; color: #000000; margin-bottom: 2rem;\">\n<h3 style=\"margin-bottom: 0.5rem; font-size: 15px;\">Speicherdauer<\/h3>\n<p>Ihre Daten werden nach Abschluss der Konferenz gel\u00f6scht, sofern keine gesetzlichen Aufbewahrungspflichten entgegenstehen oder Sie einer l\u00e4ngeren Speicherung zugestimmt haben.<\/p>\n<\/section>\n<p><span style=\"font-family: inherit; font-size: 1.25rem; text-align: var(--text-align);\">Datenspeicherung<\/span><\/p>\n<p><!-- \/wp:heading --><!-- wp:paragraph --><\/p>\n<p>Im Rahmen der Erleichterung des Einkaufsvorganges und zur sp\u00e4teren Vertragsabwicklung werden vom Webshop-Betreiber im Rahmen von Cookies die IP-Adresse des Anschlussinhabers gespeichert, ebenso wie .<\/p>\n<p><!-- \/wp:paragraph --><!-- wp:paragraph --><\/p>\n<p>F\u00fcr die Vertragsabwicklung werden auch folgende Daten bei uns gespeichert:<br \/>.<\/p>\n<p><!-- \/wp:paragraph --><!-- wp:paragraph --><\/p>\n<p>Die von Ihnen bereitgestellten Daten sind f\u00fcr die Vertragserf\u00fcllung und zur Durchf\u00fchrung vorvertraglicher Ma\u00dfnahmen erforderlich. Ein Vertragsabschluss ohne dieser Daten ist nicht m\u00f6glich. Eine \u00dcbermittlung der erhobenen Daten an Dritte erfolgt nicht, mit Ausnahme der \u00dcbermittlung von Zahlungsdaten (Kreditkartendaten) an die abwickelnden Bankinstitute\/Zahlungsdienstleister zum Zwecke der Abbuchung des Einkaufspreises, an das von uns Beauftragte Versandunternehmen (Transportunternehmen), welches mit der Zustellung der Ware beauftragt ist und unseren Steuerberater zur Erf\u00fcllung unserer steuerrechtlichen Verpflichtungen.<\/p>\n<p><!-- \/wp:paragraph --><!-- wp:paragraph --><\/p>\n<p>Sollten Sie den Einkaufsvorgang abbrechen, werden diese bei uns gespeicherten Daten gel\u00f6scht. Solle ein Vertragsabschluss zustande kommen, werden s\u00e4mtliche Daten, resultierend aus dem Vertragsverh\u00e4ltnis, bis zum Ablauf der steuerrechtlichen Aufbewahrungsfirst (7 Jahre) gespeichert. Der \u00fcbermittelte Name, die Anschrift, gekaufte Waren und Kaufdatum werden dar\u00fcber hinaus bis zum Ablauf der Produkthaftung (10 Jahre) gespeichert. Die Datenverarbeitung erfolgt auf Basis der gesetzlichen Bestimmungen des \u00a7 96 Abs 3 TKG sowie des Art 6 Abs 1 lit a (Einwilligung) und\/oder lit b (notwendig zur Vertragserf\u00fcllung) der DSGVO.<\/p>\n<p><!-- \/wp:paragraph --><!-- wp:heading {\"level\":5} --><\/p>\n<h5>Cookies<\/h5>\n<p><!-- \/wp:heading --><!-- wp:paragraph --><\/p>\n<p>Unsere Website verwendet so genannte Cookies. Dabei handelt es sich um kleine Textdateien, die mit Hilfe des Browsers auf Ihrem Endger\u00e4t abgelegt werden. Sie richten keinen Schaden an. Wir nutzen Cookies dazu, unser Angebot nutzerfreundlich zu gestalten. Einige Cookies bleiben auf Ihrem Endger\u00e4t gespeichert, bis Sie diese l\u00f6schen. Sie erm\u00f6glichen es uns, Ihren Browser beim n\u00e4chsten Besuch wiederzuerkennen. Wenn Sie dies nicht w\u00fcnschen, so k\u00f6nnen Sie Ihren Browser so einrichten, dass er Sie \u00fcber das Setzen von Cookies informiert und Sie dies nur im Einzelfall erlauben. Bei der Deaktivierung von Cookies kann die Funktionalit\u00e4t unserer Website eingeschr\u00e4nkt sein.<\/p>\n<p><!-- \/wp:paragraph --><!-- wp:heading {\"level\":5} --><\/p>\n<h5>Google Fonts<\/h5>\n<p><!-- \/wp:heading --><!-- wp:paragraph --><\/p>\n<p>Unsere Website verwendet Schriftarten von \u201eGoogle Fonts\u201c. Der Dienstanbieter dieser Funktion ist:<\/p>\n<p><!-- \/wp:paragraph --><!-- wp:list --><\/p>\n<ul>\n<li style=\"list-style-type: none;\">\n<ul><!-- wp:list-item --><\/ul>\n<\/li>\n<\/ul>\n<ul>\n<li style=\"list-style-type: none;\">\n<ul>\n<li>Google Ireland Limited Gordon House, Barrow Street Dublin 4. Ireland<\/li>\n<\/ul>\n<\/li>\n<\/ul>\n<p><!-- \/wp:list-item --><\/p>\n<p><!-- \/wp:list --><!-- wp:paragraph --><\/p>\n<p>Tel: +353 1 543 1000<\/p>\n<p><!-- \/wp:paragraph --><!-- wp:paragraph --><\/p>\n<p>Beim Aufrufen dieser Webseite l\u00e4dt Ihr Browser Schriftarten und speichert diese in den Cache. Da Sie, als Besucher der Webseite, Daten des Dienstanbieters empfangen kann Google unter Umst\u00e4nden Cookies auf Ihrem Rechner setzen oder analysieren.<\/p>\n<p><!-- \/wp:paragraph --><!-- wp:paragraph --><\/p>\n<p>Die Nutzung von \u201eGoogle-Fonts\u201c dient der Optimierung unserer Dienstleistung und der einheitlichen Darstellung von Inhalten. Dies stellt ein berechtigtes Interesse im Sinne von Art. 6 Abs. 1 lit. f DSGVO dar.<\/p>\n<p><!-- \/wp:paragraph --><!-- wp:paragraph --><\/p>\n<p>Weitere Informationen zu Google Fonts erhalten Sie unter folgendem Link:<\/p>\n<p><!-- \/wp:paragraph --><!-- wp:list --><\/p>\n<ul>\n<li style=\"list-style-type: none;\">\n<ul><!-- wp:list-item --><\/ul>\n<\/li>\n<\/ul>\n<ul>\n<li style=\"list-style-type: none;\">\n<ul>\n<li><a href=\"https:\/\/developers.google.com\/fonts\/faq\">https:\/\/developers.google.com\/fonts\/faq\u00a0<\/a><\/li>\n<\/ul>\n<\/li>\n<\/ul>\n<p><!-- \/wp:list-item --><\/p>\n<p><!-- \/wp:list --><!-- wp:paragraph --><\/p>\n<p>Weitere Informationen \u00fcber den Umgang mit Nutzerdaten von Google k\u00f6nnen Sie der Datenschutzerkl\u00e4rung entnehmen:<\/p>\n<p><!-- \/wp:paragraph --><!-- wp:list --><\/p>\n<ul>\n<li style=\"list-style-type: none;\">\n<ul><!-- wp:list-item --><\/ul>\n<\/li>\n<\/ul>\n<ul>\n<li style=\"list-style-type: none;\">\n<ul>\n<li><a href=\"https:\/\/policies.google.com\/privacy?hl=de\">https:\/\/policies.google.com\/privacy?hl=de\u00a0<\/a>.<\/li>\n<\/ul>\n<\/li>\n<\/ul>\n<p><!-- \/wp:list-item --><\/p>\n<p><!-- \/wp:list --><!-- wp:paragraph --><\/p>\n<p>Google verarbeitet die Daten auch in den USA, hat sich jedoch dem<br \/>EU-US Privacy-Shield unterworfen.<\/p>\n<p><!-- \/wp:paragraph --><!-- wp:embed {\"url\":\"https:\/\/www.privacyshield.gov\/EU-US-Framework\"} --><\/p>\n<figure>\n<div>https:\/\/www.privacyshield.gov\/EU-US-Framework<\/div>\n<\/figure>\n<p><!-- \/wp:embed --><!-- wp:heading {\"level\":5} --><\/p>\n<h5>Server-Log Files<\/h5>\n<p><!-- \/wp:heading --><!-- wp:paragraph --><\/p>\n<p>Diese Webseite und der damit verbundene Provider erhebt im Zuge der Webseitennutzung automatisch Informationen im Rahmen sogenannter \u201eServer-Log Files\u201c. Dies betrifft insbesondere:<\/p>\n<p><!-- \/wp:paragraph --><!-- wp:list --><\/p>\n<ul>\n<li style=\"list-style-type: none;\">\n<ul><!-- wp:list-item --><\/ul>\n<\/li>\n<\/ul>\n<ul>\n<li style=\"list-style-type: none;\">\n<ul>\n<li>IP-Adresse oder Hostname<\/li>\n<\/ul>\n<\/li>\n<\/ul>\n<p><!-- \/wp:list-item --><!-- wp:list-item --><\/p>\n<ul>\n<li style=\"list-style-type: none;\">\n<ul>\n<li>den verwendeten Browser<\/li>\n<\/ul>\n<\/li>\n<\/ul>\n<p><!-- \/wp:list-item --><!-- wp:list-item --><\/p>\n<ul>\n<li style=\"list-style-type: none;\">\n<ul>\n<li>Aufenthaltsdauer auf der Webseite sowie Datum und Uhrzeit<\/li>\n<\/ul>\n<\/li>\n<\/ul>\n<p><!-- \/wp:list-item --><!-- wp:list-item --><\/p>\n<ul>\n<li style=\"list-style-type: none;\">\n<ul>\n<li>aufgerufene Seiten der Webseite<\/li>\n<\/ul>\n<\/li>\n<\/ul>\n<p><!-- \/wp:list-item --><!-- wp:list-item --><\/p>\n<ul>\n<li style=\"list-style-type: none;\">\n<ul>\n<li>Spracheinstellungen und Betriebssystem<\/li>\n<\/ul>\n<\/li>\n<\/ul>\n<p><!-- \/wp:list-item --><!-- wp:list-item --><\/p>\n<ul>\n<li style=\"list-style-type: none;\">\n<ul>\n<li>\u201eLeaving-Page\u201c (auf welcher URL hat der Benutzer die Webseite verlassen)<\/li>\n<\/ul>\n<\/li>\n<\/ul>\n<p><!-- \/wp:list-item --><!-- wp:list-item --><\/p>\n<ul>\n<li style=\"list-style-type: none;\">\n<ul>\n<li>ISP (Internet Service Provider)<\/li>\n<\/ul>\n<\/li>\n<\/ul>\n<p><!-- \/wp:list-item --><\/p>\n<p><!-- \/wp:list --><!-- wp:paragraph --><\/p>\n<p>Diese erhobenen Informationen werden nicht personenbezogen verarbeitet oder mit personenbezogenen Daten in Verbindung gebracht.<\/p>\n<p><!-- \/wp:paragraph --><!-- wp:paragraph --><\/p>\n<p>Der Webseitenbetreiber beh\u00e4lt es sich vor, im Falle von Bekanntwerden rechtswidriger T\u00e4tigkeiten, diese Daten auszuwerten oder zu \u00fcberpr\u00fcfen.<\/p>\n<p><!-- \/wp:paragraph --><!-- wp:heading {\"level\":5} --><\/p>\n<h5>newsletter<\/h5>\n<p><!-- \/wp:heading --><!-- wp:paragraph --><\/p>\n<p>Sie haben die M\u00f6glichkeit, \u00fcber unsere Website unseren Newsletter zu abonnieren. Hierf\u00fcr ben\u00f6tigen wir Ihre E-Mail-Adresse und ihre Erkl\u00e4rung, dass Sie mit dem Bezug des Newsletters einverstanden sind.<\/p>\n<p><!-- \/wp:paragraph --><!-- wp:heading {\"level\":5} --><\/p>\n<h5>Ihre Rechte als Betroffener<\/h5>\n<p><!-- \/wp:heading --><!-- wp:paragraph --><\/p>\n<p>Sie als Betroffener haben bez\u00fcglich Ihrer Daten, welche bei uns gespeichert sind grunds\u00e4tzlich ein Recht auf:<\/p>\n<p><!-- \/wp:paragraph --><!-- wp:list --><\/p>\n<ul>\n<li style=\"list-style-type: none;\">\n<ul><!-- wp:list-item --><\/ul>\n<\/li>\n<\/ul>\n<ul>\n<li style=\"list-style-type: none;\">\n<ul>\n<li>Auskunft<\/li>\n<\/ul>\n<\/li>\n<\/ul>\n<p><!-- \/wp:list-item --><!-- wp:list-item --><\/p>\n<ul>\n<li style=\"list-style-type: none;\">\n<ul>\n<li>L\u00f6schung der Daten<\/li>\n<\/ul>\n<\/li>\n<\/ul>\n<p><!-- \/wp:list-item --><!-- wp:list-item --><\/p>\n<ul>\n<li style=\"list-style-type: none;\">\n<ul>\n<li>Berichtigung der Daten<\/li>\n<\/ul>\n<\/li>\n<\/ul>\n<p><!-- \/wp:list-item --><!-- wp:list-item --><\/p>\n<ul>\n<li style=\"list-style-type: none;\">\n<ul>\n<li>\u00dcbertragbarkeit der Daten<\/li>\n<\/ul>\n<\/li>\n<\/ul>\n<p><!-- \/wp:list-item --><!-- wp:list-item --><\/p>\n<ul>\n<li style=\"list-style-type: none;\">\n<ul>\n<li>Wiederruf und Widerspruch zur Datenverarbeitung<\/li>\n<\/ul>\n<\/li>\n<\/ul>\n<p><!-- \/wp:list-item --><!-- wp:list-item --><\/p>\n<ul>\n<li style=\"list-style-type: none;\">\n<ul>\n<li>Einschr\u00e4nkung<\/li>\n<\/ul>\n<\/li>\n<\/ul>\n<p><!-- \/wp:list-item --><\/p>\n<p><!-- \/wp:list --><!-- wp:paragraph --><\/p>\n<p>Wenn sie vermuten, dass im Zuge der Verarbeitung Ihrer Daten Verst\u00f6\u00dfe gegen das Datenschutzrecht passiert sind, so haben Sie die M\u00f6glichkeit sich bei uns (ladmin@iga.or.at) oder der Datenschutzbeh\u00f6rde zu beschweren.<\/p>\n<p><!-- \/wp:paragraph --><!-- wp:heading {\"level\":5} --><\/p>\n<h5>Sie erreichen uns unter folgenden Kontaktdaten:<\/h5>\n<p><!-- \/wp:heading --><!-- wp:paragraph --><\/p>\n<p><strong>Webseitenbetreiber:<\/strong>\u00a0\u00d6sterreichische Liga f\u00fcr Menschenrechte<br \/><strong>Telefonnummer:<\/strong>\u00a0T+43 676 360 9463<br \/><strong>Email:<\/strong>\u00a0<a href=\"mailto:office@liga.or.at\">office@liga.or.at<\/a><\/p>\t\t\t\t\t\t\t\t<\/div>\n\t\t\t\t<\/div>\n\t\t\t\t\t<\/div>\n\t\t\t\t<\/div>\n\t\t\t\t<\/div>","protected":false},"excerpt":{"rendered":"<p>Datenschutzerkl\u00e4rung In folgender Datenschutzerkl\u00e4rung informieren wir Sie \u00fcber die wichtigsten Aspekte der Datenverarbeitung im Rahmen unserer Webseite. Wir erheben und verarbeiten personenbezogene Daten nur auf Grundlage der gesetzlichen Bestimmungen (Datenschutzgrundverordnung, Telekommunikationsgesetz 2003). Sobald Sie als Benutzer auf unsere Webseite zugreifen oder diese besuchen wird Ihre IP-Adresse, Beginn sowie Beginn und Ende der Sitzung erfasst. Dies [&hellip;]<\/p>\n","protected":false},"author":1,"featured_media":0,"parent":0,"menu_order":0,"comment_status":"closed","ping_status":"closed","template":"","meta":{"footnotes":""},"class_list":["post-21","page","type-page","status-publish","hentry"],"yoast_head":"<!-- This site is optimized with the Yoast SEO plugin v25.6 - https:\/\/yoast.com\/wordpress\/plugins\/seo\/ -->\n<title>Datenschutzerkl\u00e4rung - Menschrenrechts Allianz<\/title>\n<meta name=\"robots\" content=\"index, follow, max-snippet:-1, max-image-preview:large, max-video-preview:-1\" \/>\n<link rel=\"canonical\" href=\"https:\/\/menschenrechtskonferenz.at\/en\/datenschutzerklaerung\/\" \/>\n<meta property=\"og:locale\" content=\"en_US\" \/>\n<meta property=\"og:type\" content=\"article\" \/>\n<meta property=\"og:title\" content=\"Datenschutzerkl\u00e4rung - Menschrenrechts Allianz\" \/>\n<meta property=\"og:description\" content=\"Datenschutzerkl\u00e4rung In folgender Datenschutzerkl\u00e4rung informieren wir Sie \u00fcber die wichtigsten Aspekte der Datenverarbeitung im Rahmen unserer Webseite. Wir erheben und verarbeiten personenbezogene Daten nur auf Grundlage der gesetzlichen Bestimmungen (Datenschutzgrundverordnung, Telekommunikationsgesetz 2003). Sobald Sie als Benutzer auf unsere Webseite zugreifen oder diese besuchen wird Ihre IP-Adresse, Beginn sowie Beginn und Ende der Sitzung erfasst. Dies [&hellip;]\" \/>\n<meta property=\"og:url\" content=\"https:\/\/menschenrechtskonferenz.at\/en\/datenschutzerklaerung\/\" \/>\n<meta property=\"og:site_name\" content=\"Menschrenrechts Allianz\" \/>\n<meta property=\"article:modified_time\" content=\"2026-04-21T11:46:13+00:00\" \/>\n<meta name=\"twitter:card\" content=\"summary_large_image\" \/>\n<meta name=\"twitter:label1\" content=\"Est. reading time\" \/>\n\t<meta name=\"twitter:data1\" content=\"6 minutes\" \/>\n<script type=\"application\/ld+json\" class=\"yoast-schema-graph\">{\"@context\":\"https:\/\/schema.org\",\"@graph\":[{\"@type\":\"WebPage\",\"@id\":\"https:\/\/menschenrechtskonferenz.at\/datenschutzerklaerung\/\",\"url\":\"https:\/\/menschenrechtskonferenz.at\/datenschutzerklaerung\/\",\"name\":\"Datenschutzerkl\u00e4rung - Menschrenrechts Allianz\",\"isPartOf\":{\"@id\":\"https:\/\/menschenrechtskonferenz.at\/#website\"},\"datePublished\":\"2023-11-27T10:13:31+00:00\",\"dateModified\":\"2026-04-21T11:46:13+00:00\",\"breadcrumb\":{\"@id\":\"https:\/\/menschenrechtskonferenz.at\/datenschutzerklaerung\/#breadcrumb\"},\"inLanguage\":\"en-US\",\"potentialAction\":[{\"@type\":\"ReadAction\",\"target\":[\"https:\/\/menschenrechtskonferenz.at\/datenschutzerklaerung\/\"]}]},{\"@type\":\"BreadcrumbList\",\"@id\":\"https:\/\/menschenrechtskonferenz.at\/datenschutzerklaerung\/#breadcrumb\",\"itemListElement\":[{\"@type\":\"ListItem\",\"position\":1,\"name\":\"Startseite\",\"item\":\"https:\/\/menschenrechtskonferenz.at\/\"},{\"@type\":\"ListItem\",\"position\":2,\"name\":\"Datenschutzerkl\u00e4rung\"}]},{\"@type\":\"WebSite\",\"@id\":\"https:\/\/menschenrechtskonferenz.at\/#website\",\"url\":\"https:\/\/menschenrechtskonferenz.at\/\",\"name\":\"Menschrenrechts Allianz\",\"description\":\"Menschrenrechts Allianz\",\"publisher\":{\"@id\":\"https:\/\/menschenrechtskonferenz.at\/#organization\"},\"potentialAction\":[{\"@type\":\"SearchAction\",\"target\":{\"@type\":\"EntryPoint\",\"urlTemplate\":\"https:\/\/menschenrechtskonferenz.at\/?s={search_term_string}\"},\"query-input\":{\"@type\":\"PropertyValueSpecification\",\"valueRequired\":true,\"valueName\":\"search_term_string\"}}],\"inLanguage\":\"en-US\"},{\"@type\":\"Organization\",\"@id\":\"https:\/\/menschenrechtskonferenz.at\/#organization\",\"name\":\"Menschrenrechts Allianz\",\"url\":\"https:\/\/menschenrechtskonferenz.at\/\",\"logo\":{\"@type\":\"ImageObject\",\"inLanguage\":\"en-US\",\"@id\":\"https:\/\/menschenrechtskonferenz.at\/#\/schema\/logo\/image\/\",\"url\":\"https:\/\/menschenrechtskonferenz.at\/wp-content\/uploads\/2024\/06\/Logo-Textmarke.png\",\"contentUrl\":\"https:\/\/menschenrechtskonferenz.at\/wp-content\/uploads\/2024\/06\/Logo-Textmarke.png\",\"width\":1319,\"height\":97,\"caption\":\"Menschrenrechts Allianz\"},\"image\":{\"@id\":\"https:\/\/menschenrechtskonferenz.at\/#\/schema\/logo\/image\/\"}}]}<\/script>\n<!-- \/ Yoast SEO plugin. -->","yoast_head_json":{"title":"Datenschutzerkl\u00e4rung - Menschrenrechts Allianz","robots":{"index":"index","follow":"follow","max-snippet":"max-snippet:-1","max-image-preview":"max-image-preview:large","max-video-preview":"max-video-preview:-1"},"canonical":"https:\/\/menschenrechtskonferenz.at\/en\/datenschutzerklaerung\/","og_locale":"en_US","og_type":"article","og_title":"Datenschutzerkl\u00e4rung - Menschrenrechts Allianz","og_description":"Datenschutzerkl\u00e4rung In folgender Datenschutzerkl\u00e4rung informieren wir Sie \u00fcber die wichtigsten Aspekte der Datenverarbeitung im Rahmen unserer Webseite. Wir erheben und verarbeiten personenbezogene Daten nur auf Grundlage der gesetzlichen Bestimmungen (Datenschutzgrundverordnung, Telekommunikationsgesetz 2003). Sobald Sie als Benutzer auf unsere Webseite zugreifen oder diese besuchen wird Ihre IP-Adresse, Beginn sowie Beginn und Ende der Sitzung erfasst. Dies [&hellip;]","og_url":"https:\/\/menschenrechtskonferenz.at\/en\/datenschutzerklaerung\/","og_site_name":"Menschrenrechts Allianz","article_modified_time":"2026-04-21T11:46:13+00:00","twitter_card":"summary_large_image","twitter_misc":{"Est. reading time":"6 minutes"},"schema":{"@context":"https:\/\/schema.org","@graph":[{"@type":"WebPage","@id":"https:\/\/menschenrechtskonferenz.at\/datenschutzerklaerung\/","url":"https:\/\/menschenrechtskonferenz.at\/datenschutzerklaerung\/","name":"Datenschutzerkl\u00e4rung - Menschrenrechts Allianz","isPartOf":{"@id":"https:\/\/menschenrechtskonferenz.at\/#website"},"datePublished":"2023-11-27T10:13:31+00:00","dateModified":"2026-04-21T11:46:13+00:00","breadcrumb":{"@id":"https:\/\/menschenrechtskonferenz.at\/datenschutzerklaerung\/#breadcrumb"},"inLanguage":"en-US","potentialAction":[{"@type":"ReadAction","target":["https:\/\/menschenrechtskonferenz.at\/datenschutzerklaerung\/"]}]},{"@type":"BreadcrumbList","@id":"https:\/\/menschenrechtskonferenz.at\/datenschutzerklaerung\/#breadcrumb","itemListElement":[{"@type":"ListItem","position":1,"name":"Startseite","item":"https:\/\/menschenrechtskonferenz.at\/"},{"@type":"ListItem","position":2,"name":"Datenschutzerkl\u00e4rung"}]},{"@type":"WebSite","@id":"https:\/\/menschenrechtskonferenz.at\/#website","url":"https:\/\/menschenrechtskonferenz.at\/","name":"Menschrenrechts Allianz","description":"Menschrenrechts Allianz","publisher":{"@id":"https:\/\/menschenrechtskonferenz.at\/#organization"},"potentialAction":[{"@type":"SearchAction","target":{"@type":"EntryPoint","urlTemplate":"https:\/\/menschenrechtskonferenz.at\/?s={search_term_string}"},"query-input":{"@type":"PropertyValueSpecification","valueRequired":true,"valueName":"search_term_string"}}],"inLanguage":"en-US"},{"@type":"Organization","@id":"https:\/\/menschenrechtskonferenz.at\/#organization","name":"Menschrenrechts Allianz","url":"https:\/\/menschenrechtskonferenz.at\/","logo":{"@type":"ImageObject","inLanguage":"en-US","@id":"https:\/\/menschenrechtskonferenz.at\/#\/schema\/logo\/image\/","url":"https:\/\/menschenrechtskonferenz.at\/wp-content\/uploads\/2024\/06\/Logo-Textmarke.png","contentUrl":"https:\/\/menschenrechtskonferenz.at\/wp-content\/uploads\/2024\/06\/Logo-Textmarke.png","width":1319,"height":97,"caption":"Menschrenrechts Allianz"},"image":{"@id":"https:\/\/menschenrechtskonferenz.at\/#\/schema\/logo\/image\/"}}]}},"_links":{"self":[{"href":"https:\/\/menschenrechtskonferenz.at\/en\/wp-json\/wp\/v2\/pages\/21"}],"collection":[{"href":"https:\/\/menschenrechtskonferenz.at\/en\/wp-json\/wp\/v2\/pages"}],"about":[{"href":"https:\/\/menschenrechtskonferenz.at\/en\/wp-json\/wp\/v2\/types\/page"}],"author":[{"embeddable":true,"href":"https:\/\/menschenrechtskonferenz.at\/en\/wp-json\/wp\/v2\/users\/1"}],"replies":[{"embeddable":true,"href":"https:\/\/menschenrechtskonferenz.at\/en\/wp-json\/wp\/v2\/comments?post=21"}],"version-history":[{"count":18,"href":"https:\/\/menschenrechtskonferenz.at\/en\/wp-json\/wp\/v2\/pages\/21\/revisions"}],"predecessor-version":[{"id":2524,"href":"https:\/\/menschenrechtskonferenz.at\/en\/wp-json\/wp\/v2\/pages\/21\/revisions\/2524"}],"wp:attachment":[{"href":"https:\/\/menschenrechtskonferenz.at\/en\/wp-json\/wp\/v2\/media?parent=21"}],"curies":[{"name":"wp","href":"https:\/\/api.w.org\/{rel}","templated":true}]}}